{"id":193,"date":"2019-02-06T09:48:13","date_gmt":"2019-02-06T12:48:13","guid":{"rendered":"http:\/\/www.grupojcn.com.br\/jcn\/?page_id=193"},"modified":"2019-02-06T09:48:13","modified_gmt":"2019-02-06T12:48:13","slug":"trabalhe-conosco","status":"publish","type":"page","link":"https:\/\/www.grupojcn.com.br\/jcn\/trabalhe-conosco\/","title":{"rendered":"Trabalhe Conosco"},"content":{"rendered":"\n<p>Ao longo de sua trajet\u00f3ria, o Grupo JCN vem se destacando no cen\u00e1rio agropecu\u00e1rio brasileiro combinando tradi\u00e7\u00e3o e tecnologia. Nossos profissionais est\u00e3o sempre engajados em continuar escrevendo esta hist\u00f3ria de sucesso. Deseja fazer parte de nosso time? Envie seu curriculum.<\/p>\n\n\n\n<div class=\"wpcf7 no-js\" id=\"wpcf7-f192-o1\" lang=\"pt-BR\" dir=\"ltr\">\n<div class=\"screen-reader-response\"><p role=\"status\" aria-live=\"polite\" aria-atomic=\"true\"><\/p> <ul><\/ul><\/div>\n<form action=\"\/jcn\/wp-json\/wp\/v2\/pages\/193#wpcf7-f192-o1\" method=\"post\" class=\"wpcf7-form init\" aria-label=\"Formul\u00e1rios de contato\" enctype=\"multipart\/form-data\" novalidate=\"novalidate\" data-status=\"init\">\n<div style=\"display: none;\">\n<input type=\"hidden\" name=\"_wpcf7\" value=\"192\" \/>\n<input type=\"hidden\" name=\"_wpcf7_version\" value=\"5.9.7\" \/>\n<input type=\"hidden\" name=\"_wpcf7_locale\" value=\"pt_BR\" \/>\n<input type=\"hidden\" name=\"_wpcf7_unit_tag\" value=\"wpcf7-f192-o1\" \/>\n<input type=\"hidden\" name=\"_wpcf7_container_post\" value=\"0\" \/>\n<input type=\"hidden\" name=\"_wpcf7_posted_data_hash\" value=\"\" \/>\n<\/div>\n<p><label> Nome*: <\/label><br \/>\n<span class=\"wpcf7-form-control-wrap\" data-name=\"nome\"><input size=\"40\" maxlength=\"400\" class=\"wpcf7-form-control wpcf7-text wpcf7-validates-as-required\" aria-required=\"true\" aria-invalid=\"false\" value=\"\" type=\"text\" name=\"nome\" \/><\/span>\n<\/p>\n<p><label> E-mail*: <\/label><br \/>\n<span class=\"wpcf7-form-control-wrap\" data-name=\"email\"><input size=\"40\" maxlength=\"400\" class=\"wpcf7-form-control wpcf7-email wpcf7-validates-as-required wpcf7-text wpcf7-validates-as-email\" aria-required=\"true\" aria-invalid=\"false\" value=\"\" type=\"email\" name=\"email\" \/><\/span>\n<\/p>\n<p><label> Telefone: <\/label><br \/>\n<span class=\"wpcf7-form-control-wrap\" data-name=\"telefone\"><input size=\"40\" maxlength=\"400\" class=\"wpcf7-form-control wpcf7-text\" aria-invalid=\"false\" placeholder=\"(00) 0000-0000\" value=\"\" type=\"text\" name=\"telefone\" \/><\/span>\n<\/p>\n<p><label> Celular: <\/label><br \/>\n<span class=\"wpcf7-form-control-wrap\" data-name=\"celular\"><input size=\"40\" maxlength=\"400\" class=\"wpcf7-form-control wpcf7-text\" aria-invalid=\"false\" placeholder=\"(00) 00000-0000\" value=\"\" type=\"text\" name=\"celular\" \/><\/span>\n<\/p>\n<p><label> \u00c1rea de Atua\u00e7\u00e3o*: <\/label><br \/>\n<span class=\"wpcf7-form-control-wrap\" data-name=\"area-atuacao\"><input size=\"40\" maxlength=\"400\" class=\"wpcf7-form-control wpcf7-text wpcf7-validates-as-required\" aria-required=\"true\" aria-invalid=\"false\" placeholder=\"Ex: Administrativo, Agr\u00edcola, Jur\u00eddico, etc...\" value=\"\" type=\"text\" name=\"area-atuacao\" \/><\/span>\n<\/p>\n<p><label> Sua mensagem<\/label><br \/>\n<span class=\"wpcf7-form-control-wrap\" data-name=\"mensagem\"><textarea cols=\"40\" rows=\"10\" maxlength=\"2000\" class=\"wpcf7-form-control wpcf7-textarea\" aria-invalid=\"false\" name=\"mensagem\"><\/textarea><\/span>\n<\/p>\n<p><small>Obs.: Campos marcados com * s\u00e3o obrigat\u00f3rios.<\/small>\n<\/p>\n<p><label>Anexe seu curriculum*:<\/label><br \/>\n<span class=\"wpcf7-form-control-wrap\" data-name=\"curriculum\"><input size=\"40\" class=\"wpcf7-form-control wpcf7-file wpcf7-validates-as-required\" accept=\".doc,.docx,.pdf\" aria-required=\"true\" aria-invalid=\"false\" type=\"file\" name=\"curriculum\" \/><\/span>\n<\/p>\n<p><input class=\"wpcf7-form-control wpcf7-submit has-spinner\" type=\"submit\" value=\"Enviar\" \/>\n<\/p><div class=\"wpcf7-response-output\" aria-hidden=\"true\"><\/div>\n<\/form>\n<\/div>\n\n","protected":false},"excerpt":{"rendered":"<p>Ao longo de sua trajet\u00f3ria, o Grupo JCN vem se destacando no cen\u00e1rio agropecu\u00e1rio brasileiro combinando tradi\u00e7\u00e3o e tecnologia. Nossos profissionais est\u00e3o sempre engajados em continuar escrevendo esta hist\u00f3ria de sucesso. Deseja fazer parte de nosso time? Envie seu curriculum.<\/p>\n","protected":false},"author":2,"featured_media":0,"parent":0,"menu_order":0,"comment_status":"closed","ping_status":"closed","template":"","meta":{"footnotes":""},"_links":{"self":[{"href":"https:\/\/www.grupojcn.com.br\/jcn\/wp-json\/wp\/v2\/pages\/193"}],"collection":[{"href":"https:\/\/www.grupojcn.com.br\/jcn\/wp-json\/wp\/v2\/pages"}],"about":[{"href":"https:\/\/www.grupojcn.com.br\/jcn\/wp-json\/wp\/v2\/types\/page"}],"author":[{"embeddable":true,"href":"https:\/\/www.grupojcn.com.br\/jcn\/wp-json\/wp\/v2\/users\/2"}],"replies":[{"embeddable":true,"href":"https:\/\/www.grupojcn.com.br\/jcn\/wp-json\/wp\/v2\/comments?post=193"}],"version-history":[{"count":1,"href":"https:\/\/www.grupojcn.com.br\/jcn\/wp-json\/wp\/v2\/pages\/193\/revisions"}],"predecessor-version":[{"id":194,"href":"https:\/\/www.grupojcn.com.br\/jcn\/wp-json\/wp\/v2\/pages\/193\/revisions\/194"}],"wp:attachment":[{"href":"https:\/\/www.grupojcn.com.br\/jcn\/wp-json\/wp\/v2\/media?parent=193"}],"curies":[{"name":"wp","href":"https:\/\/api.w.org\/{rel}","templated":true}]}}