{"id":2,"date":"2015-08-17T14:27:47","date_gmt":"2015-08-17T14:27:47","guid":{"rendered":"https:\/\/www.grupojcn.com.br\/jcn\/?page_id=2"},"modified":"2015-08-19T17:52:56","modified_gmt":"2015-08-19T17:52:56","slug":"sample-page","status":"publish","type":"page","link":"https:\/\/www.grupojcn.com.br\/jcn\/sample-page\/","title":{"rendered":"Log\u00edstica"},"content":{"rendered":"<p>A empresa atua no mercado de transporte de soja, milho, sorgo, milheto, caro\u00e7o de algod\u00e3o, algod\u00e3o, fribrilha e adubos em geral. Nosso principal objetivo \u00e9 propiciar uma tranquilidade para nossos clientes no que diz respeito a transportes, sempre pautado na qualidade de nossos servi\u00e7os.<\/p>\n<h2>Levamos sua carga onde for\u00a0necess\u00e1rio, com seguran\u00e7a e\u00a0com os cuidados que ela merece.<\/h2>\n<p>Atuando\u00a0no estado do Mato Grosso, Mato Grosso do Sul, Goias, Parana, Minas Gerais e S\u00e3o Paulo, com caminh\u00f5es modelo Volvo FH 540 Tra\u00e7ado, Carreta Basculante Facchini Rodotrem com capacidade de Carga para 48 toneladas.<\/p>\n<p>Trabalhamos com Produtos Agr\u00edcolas e neste processo garantimos agilidade na retirada e rapidez na entrega e principalmente tranquilidade no que se refere \u00e0 seguran\u00e7a de sua carga.<\/p>\n<p><strong>Confira nosso mapa de atua\u00e7\u00e3o<\/strong><\/p>\n<p><a href=\"https:\/\/www.grupojcn.com.br\/jcn\/wp-content\/uploads\/2015\/08\/mapa.jpg\"><img loading=\"lazy\" decoding=\"async\" class=\" size-medium wp-image-106 alignleft\" src=\"https:\/\/www.grupojcn.com.br\/jcn\/wp-content\/uploads\/2015\/08\/mapa-300x273.jpg\" alt=\"mapa\" width=\"300\" height=\"273\" srcset=\"https:\/\/www.grupojcn.com.br\/jcn\/wp-content\/uploads\/2015\/08\/mapa-300x273.jpg 300w, https:\/\/www.grupojcn.com.br\/jcn\/wp-content\/uploads\/2015\/08\/mapa.jpg 375w\" sizes=\"(max-width: 300px) 100vw, 300px\" \/><\/a><\/p>\n","protected":false},"excerpt":{"rendered":"<p>A empresa atua no mercado de transporte de soja, milho, sorgo, milheto, caro\u00e7o de algod\u00e3o, algod\u00e3o, fribrilha e adubos em geral. Nosso principal objetivo \u00e9 propiciar uma tranquilidade para nossos clientes no que diz respeito a transportes, sempre pautado na qualidade de nossos servi\u00e7os. Levamos sua carga onde for\u00a0necess\u00e1rio, com seguran\u00e7a e\u00a0com os cuidados que<a href=\"https:\/\/www.grupojcn.com.br\/jcn\/sample-page\/\">[&#8230;]<\/a><\/p>\n","protected":false},"author":2,"featured_media":0,"parent":0,"menu_order":0,"comment_status":"open","ping_status":"closed","template":"","meta":{"footnotes":""},"_links":{"self":[{"href":"https:\/\/www.grupojcn.com.br\/jcn\/wp-json\/wp\/v2\/pages\/2"}],"collection":[{"href":"https:\/\/www.grupojcn.com.br\/jcn\/wp-json\/wp\/v2\/pages"}],"about":[{"href":"https:\/\/www.grupojcn.com.br\/jcn\/wp-json\/wp\/v2\/types\/page"}],"author":[{"embeddable":true,"href":"https:\/\/www.grupojcn.com.br\/jcn\/wp-json\/wp\/v2\/users\/2"}],"replies":[{"embeddable":true,"href":"https:\/\/www.grupojcn.com.br\/jcn\/wp-json\/wp\/v2\/comments?post=2"}],"version-history":[{"count":4,"href":"https:\/\/www.grupojcn.com.br\/jcn\/wp-json\/wp\/v2\/pages\/2\/revisions"}],"predecessor-version":[{"id":107,"href":"https:\/\/www.grupojcn.com.br\/jcn\/wp-json\/wp\/v2\/pages\/2\/revisions\/107"}],"wp:attachment":[{"href":"https:\/\/www.grupojcn.com.br\/jcn\/wp-json\/wp\/v2\/media?parent=2"}],"curies":[{"name":"wp","href":"https:\/\/api.w.org\/{rel}","templated":true}]}}