{"id":44,"date":"2015-08-17T21:20:19","date_gmt":"2015-08-17T21:20:19","guid":{"rendered":"https:\/\/www.grupojcn.com.br\/jcn\/?page_id=44"},"modified":"2020-05-15T16:00:22","modified_gmt":"2020-05-15T19:00:22","slug":"nossa-estrutura","status":"publish","type":"page","link":"https:\/\/www.grupojcn.com.br\/jcn\/nossa-estrutura\/","title":{"rendered":"Nossa Estrutura"},"content":{"rendered":"<p style=\"text-align: justify;\">Sabemos que a nossa capacidade de crescimento enquanto empresa depende de como tratamos as pessoas, de como enriquecemos as nossas comunidades e do bom servi\u00e7o prestado aos nossos clientes. Por meio dos esfor\u00e7os dos nossos colaboradores, com sede em S\u00e3o Jo\u00e3o da Boa Vista, a empresa est\u00e1 presente em cinco munic\u00edpios brasileiros, espalhados por tr\u00eas estados, com cinco unidades produtivas que abrangem aproximadamente:<\/p>\n\n\n<div class=\"wp-block-columns is-layout-flex wp-container-core-columns-is-layout-1 wp-block-columns-is-layout-flex\">\n<div class=\"wp-block-column is-layout-flow wp-block-column-is-layout-flow\">\n<p><img loading=\"lazy\" decoding=\"async\" width=\"100\" height=\"75\" class=\"wp-image-269\" style=\"width: 100px;\" src=\"https:\/\/www.grupojcn.com.br\/jcn\/wp-content\/uploads\/2020\/05\/soja.jpg\" alt=\"\">  <strong>25 mil hectares de Soja<\/strong><\/p>\n<\/div>\n\n\n\n<div class=\"wp-block-column is-layout-flow wp-block-column-is-layout-flow\">\n<p class=\"has-normal-font-size\"><img loading=\"lazy\" decoding=\"async\" width=\"100\" height=\"75\" class=\"wp-image-265\" style=\"width: 100px;\" src=\"https:\/\/www.grupojcn.com.br\/jcn\/wp-content\/uploads\/2020\/05\/algodao.jpg\" alt=\"\"> <strong>15 mil hectares de Algod\u00e3o<\/strong><\/p>\n<\/div>\n<\/div>\n\n\n\n<div class=\"wp-block-columns is-layout-flex wp-container-core-columns-is-layout-2 wp-block-columns-is-layout-flex\">\n<div class=\"wp-block-column is-layout-flow wp-block-column-is-layout-flow\">\n<p class=\"has-normal-font-size\"><img loading=\"lazy\" decoding=\"async\" width=\"100\" height=\"75\" class=\"wp-image-268\" style=\"width: 100px;\" src=\"https:\/\/www.grupojcn.com.br\/jcn\/wp-content\/uploads\/2020\/05\/milho.jpg\" alt=\"\"> <strong>10 mil hectares de Milho<\/strong><\/p>\n<\/div>\n\n\n\n<div class=\"wp-block-column is-layout-flow wp-block-column-is-layout-flow\">\n<p class=\"has-normal-font-size\"><img loading=\"lazy\" decoding=\"async\" width=\"100\" height=\"75\" class=\"wp-image-267\" style=\"width: 100px;\" src=\"https:\/\/www.grupojcn.com.br\/jcn\/wp-content\/uploads\/2020\/05\/gado.jpg\" alt=\"\"> <strong>8 mil cabe\u00e7as de Gado<\/strong><\/p>\n<\/div>\n<\/div>\n\n\n\n<div class=\"wp-block-columns is-layout-flex wp-container-core-columns-is-layout-3 wp-block-columns-is-layout-flex\">\n<div class=\"wp-block-column is-layout-flow wp-block-column-is-layout-flow\">\n<p><img loading=\"lazy\" decoding=\"async\" width=\"100\" height=\"75\" class=\"wp-image-287\" style=\"width: 100px;\" src=\"https:\/\/www.grupojcn.com.br\/jcn\/wp-content\/uploads\/2020\/05\/lavoura.jpg\" alt=\"\"> <strong>50 mil hectares de \u00e1rea produtiva<\/strong><\/p>\n<\/div>\n\n\n\n<div class=\"wp-block-column is-layout-flow wp-block-column-is-layout-flow\">\n<p><img loading=\"lazy\" decoding=\"async\" width=\"100\" height=\"75\" class=\"wp-image-270\" style=\"width: 100px;\" src=\"https:\/\/www.grupojcn.com.br\/jcn\/wp-content\/uploads\/2020\/05\/area1.jpg\" alt=\"\"> <strong>90 mil hectares de \u00e1rea total<\/strong><\/p>\n<\/div>\n<\/div>\n\n\n\n<p><\/p>\n","protected":false},"excerpt":{"rendered":"<p>Sabemos que a nossa capacidade de crescimento enquanto empresa depende de como tratamos as pessoas, de como enriquecemos as nossas comunidades e do bom servi\u00e7o prestado aos nossos clientes. Por meio dos esfor\u00e7os dos nossos colaboradores, com sede em S\u00e3o Jo\u00e3o da Boa Vista, a empresa est\u00e1 presente em cinco munic\u00edpios brasileiros, espalhados por tr\u00eas<a href=\"https:\/\/www.grupojcn.com.br\/jcn\/nossa-estrutura\/\">[&#8230;]<\/a><\/p>\n","protected":false},"author":2,"featured_media":0,"parent":0,"menu_order":0,"comment_status":"open","ping_status":"closed","template":"","meta":{"footnotes":""},"_links":{"self":[{"href":"https:\/\/www.grupojcn.com.br\/jcn\/wp-json\/wp\/v2\/pages\/44"}],"collection":[{"href":"https:\/\/www.grupojcn.com.br\/jcn\/wp-json\/wp\/v2\/pages"}],"about":[{"href":"https:\/\/www.grupojcn.com.br\/jcn\/wp-json\/wp\/v2\/types\/page"}],"author":[{"embeddable":true,"href":"https:\/\/www.grupojcn.com.br\/jcn\/wp-json\/wp\/v2\/users\/2"}],"replies":[{"embeddable":true,"href":"https:\/\/www.grupojcn.com.br\/jcn\/wp-json\/wp\/v2\/comments?post=44"}],"version-history":[{"count":12,"href":"https:\/\/www.grupojcn.com.br\/jcn\/wp-json\/wp\/v2\/pages\/44\/revisions"}],"predecessor-version":[{"id":290,"href":"https:\/\/www.grupojcn.com.br\/jcn\/wp-json\/wp\/v2\/pages\/44\/revisions\/290"}],"wp:attachment":[{"href":"https:\/\/www.grupojcn.com.br\/jcn\/wp-json\/wp\/v2\/media?parent=44"}],"curies":[{"name":"wp","href":"https:\/\/api.w.org\/{rel}","templated":true}]}}