{"id":47,"date":"2015-08-17T21:22:41","date_gmt":"2015-08-17T21:22:41","guid":{"rendered":"https:\/\/www.grupojcn.com.br\/jcn\/?page_id=47"},"modified":"2015-08-19T17:41:44","modified_gmt":"2015-08-19T17:41:44","slug":"agronegocio","status":"publish","type":"page","link":"https:\/\/www.grupojcn.com.br\/jcn\/agronegocio\/","title":{"rendered":"Agroneg\u00f3cio"},"content":{"rendered":"<p>O Brasil \u00e9 l\u00edder em produ\u00e7\u00e3o e produtividade em diversos produtos agropecu\u00e1rios. Segmentos como soja, milho, a\u00e7\u00facar, etanol e carnes s\u00e3o os primeiros nos rankings de produ\u00e7\u00e3o e exporta\u00e7\u00e3o mundiais. Atuando em S\u00e3o Paulo, Mato Grosso e Mato Grosso do Sul, a JCN\u00a0produz soja, milho, algod\u00e3o e caf\u00e9\u00a0com alta tecnologia (Agricultura de Precis\u00e3o) e m\u00e9todos que garantem a produtividade e sustentabilidade de suas atividades, respeitando o meio ambiente.<\/p>\n<h2 class=\"title title-securitizadora\">O Agroneg\u00f3cio no Brasil<\/h2>\n<p>O Agroneg\u00f3cio no Brasil tem uma expressiva participa\u00e7\u00e3o na economia do pa\u00eds e representa aproximadamente 23% do PIB. Atualmente o pa\u00eds ocupa not\u00e1vel posi\u00e7\u00e3o mundial na produ\u00e7\u00e3o agroindustrial.<\/p>\n<div class=\"spaceblock\"><\/div>\n<p><img decoding=\"async\" class=\" aligncenter\" src=\"http:\/\/www.ecoagro.agr.br\/images\/primeiro-exportador.jpg\" alt=\"\" \/><\/p>\n<div class=\"spaceblock\"><\/div>\n<div class=\"spaceblock\"><\/div>\n<h3 class=\"title-2\">Caracter\u00edsticas e Diversidades<\/h3>\n<p class=\"text text-boxinfo\">O Brasil \u00e9 um pa\u00eds com voca\u00e7\u00e3o natural para o agroneg\u00f3cio devido \u00e0s suas caracter\u00edsticas e diversidades, principalmente encontradas no clima favor\u00e1vel, no solo, na \u00e1gua, no relevo e na luminosidade.<\/p>\n<p class=\"text text-boxinfo\">Com seus 8,5 milh\u00f5es de km o Brasil \u00e9 o pa\u00eds mais extenso da Am\u00e9rica do Sul e o quinto do mundo com potencial de expans\u00e3o de sua capacidade agr\u00edcola sem necessidade de agredir o meio ambiente.<\/p>\n<ul class=\"list-stylized-normal list-stylized-normal-16 list-boxinfo\">\n<li>O Agroneg\u00f3cio \u00e9 atividade de capital intensivo.<\/li>\n<li>Exige m\u00e1quinas e equipamentos;<\/li>\n<li>Insumos caros e sofisticados;<\/li>\n<li>Crescente emprego de tecnologia (agricultura precis\u00e3o);<\/li>\n<\/ul>\n<div class=\"spaceblock\"><\/div>\n<p><img decoding=\"async\" class=\" aligncenter\" src=\"http:\/\/www.ecoagro.agr.br\/images\/caracteristicas-diversidades.jpg\" alt=\"\" \/><\/p>\n<div class=\"spaceblock\"><\/div>\n<div class=\"spaceblock\"><\/div>\n<div class=\"grid grid-12\"><span style=\"color: #5c9e23;\"><strong class=\"text-bold text-bold-positive\">Condi\u00e7\u00f5es favor\u00e1veis para o Agroneg\u00f3cio no Brasil<\/strong><\/span><\/p>\n<ul class=\"list-stylized-normal list-stylized-normal-16 list-stylized-normal-green\">\n<li>Disponibilidade de terras agricult\u00e1veis\u00a0<span style=\"font-size: 13px;\">(atualmente apenas 7,3 % da \u00e1rea total \u00e9 utilizada)<\/span><\/li>\n<li>Abund\u00e2ncia de \u00e1gua<\/li>\n<li>Tecnologia de ponta<\/li>\n<li>Luminosidade<\/li>\n<li>Clima favor\u00e1vel<\/li>\n<li>Solo<\/li>\n<\/ul>\n<\/div>\n<div class=\"grid grid-12 grid-last\"><span style=\"color: #ff0000;\"><strong class=\"text-bold text-bold-negative\">Desafios a serem vencidos<\/strong><\/span><\/p>\n<ul class=\"list-stylized-normal list-stylized-normal-16 list-stylized-normal-red\">\n<li>Infraestrutura e log\u00edstica<\/li>\n<li>Legisla\u00e7\u00e3o tribut\u00e1ria complexa<\/li>\n<li>Recursos financeiros inadequados<\/li>\n<li>Gest\u00e3o empresarial<\/li>\n<li>M\u00e3o de obra<\/li>\n<li>Concentra\u00e7\u00e3o em grandes empresas<\/li>\n<\/ul>\n<\/div>\n<h3 class=\"title-2\">A Import\u00e2ncia do Agroneg\u00f3cio no Brasil:<\/h3>\n<ul class=\"list-stylized-normal list-stylized-normal-16 grid grid-17 grid-offset-1\">\n<li>Grande participa\u00e7\u00e3o no Produto Interno Bruto<\/li>\n<li>Cria aproximadamente 37% de todos os empregos do pa\u00eds<\/li>\n<li>Responde por aproximadamente 39% das exporta\u00e7\u00f5es<\/li>\n<li>Saldo comercial de aproximadamente 79 bilh\u00f5es de d\u00f3lares em 2012<\/li>\n<li>Aproximadamente 30% das terras brasileiras s\u00e3o utilizadas para agropecu\u00e1ria<\/li>\n<li>Aproximadamente 61% do territ\u00f3rio ainda \u00e9 coberto por matas originais<\/li>\n<\/ul>\n<div class=\"spaceblock\"><\/div>\n<p><strong class=\"text-strong\">Nos \u00faltimos 20 anos, a \u00e1rea plantada com gr\u00e3os cresceu 37% e produ\u00e7\u00e3o, mais de 176%.<\/strong><\/p>\n<p><img decoding=\"async\" src=\"http:\/\/www.ecoagro.agr.br\/images\/agronegocio3.jpg\" alt=\"\" \/><\/p>\n<h3 class=\"title-2\">Balan\u00e7a Comercial Brasileira<\/h3>\n<p><strong class=\"text-bold\">(US$ bilh\u00f5es \u2013 FOB)<\/strong><\/p>\n<table class=\"table table-agronegocio\">\n<tbody>\n<tr>\n<th>Per\u00edodo<\/th>\n<th>Exporta\u00e7\u00f5es<\/th>\n<th>Importa\u00e7\u00f5es<\/th>\n<th>Saldo Geral<\/th>\n<th>Saldo Agroneg\u00f3cio<\/th>\n<\/tr>\n<tr>\n<td>2000<\/td>\n<td>55,119<\/td>\n<td>55,851<\/td>\n<td>-0,732<\/td>\n<td>14,811<\/td>\n<\/tr>\n<tr>\n<td>2001<\/td>\n<td>58,287<\/td>\n<td>55,602<\/td>\n<td>2,685<\/td>\n<td>19,016<\/td>\n<\/tr>\n<tr>\n<td>2002<\/td>\n<td>60,439<\/td>\n<td>47,243<\/td>\n<td>13,196<\/td>\n<td>20,347<\/td>\n<\/tr>\n<tr>\n<td>2003<\/td>\n<td>73,203<\/td>\n<td>48,326<\/td>\n<td>24,878<\/td>\n<td>25,848<\/td>\n<\/tr>\n<tr>\n<td>2004<\/td>\n<td>96,677<\/td>\n<td>62,836<\/td>\n<td>33,842<\/td>\n<td>34,134<\/td>\n<\/tr>\n<tr>\n<td>2005<\/td>\n<td>118,529<\/td>\n<td>73,600<\/td>\n<td>44,929<\/td>\n<td>38,416<\/td>\n<\/tr>\n<tr>\n<td>2006<\/td>\n<td>137,807<\/td>\n<td>91,351<\/td>\n<td>46,457<\/td>\n<td>42,727<\/td>\n<\/tr>\n<tr>\n<td>2007<\/td>\n<td>160,649<\/td>\n<td>120,617<\/td>\n<td>40,032<\/td>\n<td>49,696<\/td>\n<\/tr>\n<tr>\n<td>2008<\/td>\n<td>197,942<\/td>\n<td>172,985<\/td>\n<td>24,958<\/td>\n<td>57,714<\/td>\n<\/tr>\n<tr>\n<td>2009<\/td>\n<td>152,995<\/td>\n<td>127,722<\/td>\n<td>25,272<\/td>\n<td>54,800<\/td>\n<\/tr>\n<tr>\n<td>2010<\/td>\n<td>201,915<\/td>\n<td>181,768<\/td>\n<td>20,147<\/td>\n<td>63,000<\/td>\n<\/tr>\n<tr>\n<td>2011<\/td>\n<td>256,040<\/td>\n<td>226,243<\/td>\n<td>29,796<\/td>\n<td>77,510<\/td>\n<\/tr>\n<tr>\n<td>2012<\/td>\n<td>242,580<\/td>\n<td>223,142<\/td>\n<td>19,438<\/td>\n<td>79,408<\/td>\n<\/tr>\n<tr>\n<td>2013<\/td>\n<td>242,178<\/td>\n<td>239,617<\/td>\n<td>2,561<\/td>\n<td>82,907<\/td>\n<\/tr>\n<tr class=\"table-footer\">\n<td style=\"text-align: right;\" colspan=\"2\">Fonte:<\/td>\n<td style=\"text-align: left;\" colspan=\"3\">CONAB \/ Min. da Agricultura \/ Min. do Desenvolvimento<\/td>\n<\/tr>\n<\/tbody>\n<\/table>\n","protected":false},"excerpt":{"rendered":"<p>O Brasil \u00e9 l\u00edder em produ\u00e7\u00e3o e produtividade em diversos produtos agropecu\u00e1rios. Segmentos como soja, milho, a\u00e7\u00facar, etanol e carnes s\u00e3o os primeiros nos rankings de produ\u00e7\u00e3o e exporta\u00e7\u00e3o mundiais. Atuando em S\u00e3o Paulo, Mato Grosso e Mato Grosso do Sul, a JCN\u00a0produz soja, milho, algod\u00e3o e caf\u00e9\u00a0com alta tecnologia (Agricultura de Precis\u00e3o) e m\u00e9todos<a href=\"https:\/\/www.grupojcn.com.br\/jcn\/agronegocio\/\">[&#8230;]<\/a><\/p>\n","protected":false},"author":2,"featured_media":0,"parent":0,"menu_order":0,"comment_status":"open","ping_status":"closed","template":"","meta":{"footnotes":""},"_links":{"self":[{"href":"https:\/\/www.grupojcn.com.br\/jcn\/wp-json\/wp\/v2\/pages\/47"}],"collection":[{"href":"https:\/\/www.grupojcn.com.br\/jcn\/wp-json\/wp\/v2\/pages"}],"about":[{"href":"https:\/\/www.grupojcn.com.br\/jcn\/wp-json\/wp\/v2\/types\/page"}],"author":[{"embeddable":true,"href":"https:\/\/www.grupojcn.com.br\/jcn\/wp-json\/wp\/v2\/users\/2"}],"replies":[{"embeddable":true,"href":"https:\/\/www.grupojcn.com.br\/jcn\/wp-json\/wp\/v2\/comments?post=47"}],"version-history":[{"count":6,"href":"https:\/\/www.grupojcn.com.br\/jcn\/wp-json\/wp\/v2\/pages\/47\/revisions"}],"predecessor-version":[{"id":189,"href":"https:\/\/www.grupojcn.com.br\/jcn\/wp-json\/wp\/v2\/pages\/47\/revisions\/189"}],"wp:attachment":[{"href":"https:\/\/www.grupojcn.com.br\/jcn\/wp-json\/wp\/v2\/media?parent=47"}],"curies":[{"name":"wp","href":"https:\/\/api.w.org\/{rel}","templated":true}]}}